{"id":88,"date":"2014-12-24T10:43:49","date_gmt":"2014-12-24T10:43:49","guid":{"rendered":"http:\/\/themes.muffingroup.com\/be\/hosting\/?page_id=2"},"modified":"2024-11-01T09:47:23","modified_gmt":"2024-11-01T12:47:23","slug":"home","status":"publish","type":"page","link":"https:\/\/wcmaster.com.br\/wc\/","title":{"rendered":"HOME"},"content":{"rendered":"","protected":false},"excerpt":{"rendered":"","protected":false},"author":1,"featured_media":0,"parent":0,"menu_order":0,"comment_status":"open","ping_status":"closed","template":"","meta":{"footnotes":""},"class_list":["post-88","page","type-page","status-publish","hentry"],"yoast_head":"<!-- This site is optimized with the Yoast SEO plugin v27.2 - https:\/\/yoast.com\/product\/yoast-seo-wordpress\/ -->\n<title>Loca\u00e7\u00e3o de Banheiros Qu\u00edmicos em Minas Gerais | Wc Master<\/title>\n<meta name=\"description\" content=\"Conhe\u00e7a a Wc Master, sua melhor op\u00e7\u00e3o para loca\u00e7\u00e3o de banheiros qu\u00edmicos em Minas Gerais. Oferecemos servi\u00e7os de qualidade, com pre\u00e7os competitivos e entrega r\u00e1pida. Solicite um or\u00e7amento agora!\" \/>\n<meta name=\"robots\" content=\"index, follow, max-snippet:-1, max-image-preview:large, max-video-preview:-1\" \/>\n<link rel=\"canonical\" href=\"https:\/\/wcmaster.com.br\/wc\/\" \/>\n<meta property=\"og:locale\" content=\"pt_BR\" \/>\n<meta property=\"og:type\" content=\"article\" \/>\n<meta property=\"og:title\" content=\"Loca\u00e7\u00e3o de Banheiros Qu\u00edmicos em Minas Gerais | Wc Master\" \/>\n<meta property=\"og:description\" content=\"Conhe\u00e7a a Wc Master, sua melhor op\u00e7\u00e3o para loca\u00e7\u00e3o de banheiros qu\u00edmicos em Minas Gerais. Oferecemos servi\u00e7os de qualidade, com pre\u00e7os competitivos e entrega r\u00e1pida. Solicite um or\u00e7amento agora!\" \/>\n<meta property=\"og:url\" content=\"https:\/\/wcmaster.com.br\/wc\/\" \/>\n<meta property=\"og:site_name\" content=\"WC Master\" \/>\n<meta property=\"article:modified_time\" content=\"2024-11-01T12:47:23+00:00\" \/>\n<meta name=\"twitter:card\" content=\"summary_large_image\" \/>\n<script type=\"application\/ld+json\" class=\"yoast-schema-graph\">{\"@context\":\"https:\/\/schema.org\",\"@graph\":[{\"@type\":\"WebPage\",\"@id\":\"https:\/\/wcmaster.com.br\/wc\/\",\"url\":\"https:\/\/wcmaster.com.br\/wc\/\",\"name\":\"Loca\u00e7\u00e3o de Banheiros Qu\u00edmicos em Minas Gerais | Wc Master\",\"isPartOf\":{\"@id\":\"https:\/\/wcmaster.com.br\/wc\/#website\"},\"datePublished\":\"2014-12-24T10:43:49+00:00\",\"dateModified\":\"2024-11-01T12:47:23+00:00\",\"description\":\"Conhe\u00e7a a Wc Master, sua melhor op\u00e7\u00e3o para loca\u00e7\u00e3o de banheiros qu\u00edmicos em Minas Gerais. Oferecemos servi\u00e7os de qualidade, com pre\u00e7os competitivos e entrega r\u00e1pida. Solicite um or\u00e7amento agora!\",\"breadcrumb\":{\"@id\":\"https:\/\/wcmaster.com.br\/wc\/#breadcrumb\"},\"inLanguage\":\"pt-BR\",\"potentialAction\":[{\"@type\":\"ReadAction\",\"target\":[\"https:\/\/wcmaster.com.br\/wc\/\"]}]},{\"@type\":\"BreadcrumbList\",\"@id\":\"https:\/\/wcmaster.com.br\/wc\/#breadcrumb\",\"itemListElement\":[{\"@type\":\"ListItem\",\"position\":1,\"name\":\"In\u00edcio\",\"item\":\"https:\/\/wcmaster.com.br\/wc\/\"},{\"@type\":\"ListItem\",\"position\":2,\"name\":\"HOME\"}]},{\"@type\":\"WebSite\",\"@id\":\"https:\/\/wcmaster.com.br\/wc\/#website\",\"url\":\"https:\/\/wcmaster.com.br\/wc\/\",\"name\":\"WC Master\",\"description\":\"especializada em banheiros m\u00f3veis.\",\"potentialAction\":[{\"@type\":\"SearchAction\",\"target\":{\"@type\":\"EntryPoint\",\"urlTemplate\":\"https:\/\/wcmaster.com.br\/wc\/?s={search_term_string}\"},\"query-input\":{\"@type\":\"PropertyValueSpecification\",\"valueRequired\":true,\"valueName\":\"search_term_string\"}}],\"inLanguage\":\"pt-BR\"}]}<\/script>\n<!-- \/ Yoast SEO plugin. -->","yoast_head_json":{"title":"Loca\u00e7\u00e3o de Banheiros Qu\u00edmicos em Minas Gerais | Wc Master","description":"Conhe\u00e7a a Wc Master, sua melhor op\u00e7\u00e3o para loca\u00e7\u00e3o de banheiros qu\u00edmicos em Minas Gerais. Oferecemos servi\u00e7os de qualidade, com pre\u00e7os competitivos e entrega r\u00e1pida. Solicite um or\u00e7amento agora!","robots":{"index":"index","follow":"follow","max-snippet":"max-snippet:-1","max-image-preview":"max-image-preview:large","max-video-preview":"max-video-preview:-1"},"canonical":"https:\/\/wcmaster.com.br\/wc\/","og_locale":"pt_BR","og_type":"article","og_title":"Loca\u00e7\u00e3o de Banheiros Qu\u00edmicos em Minas Gerais | Wc Master","og_description":"Conhe\u00e7a a Wc Master, sua melhor op\u00e7\u00e3o para loca\u00e7\u00e3o de banheiros qu\u00edmicos em Minas Gerais. Oferecemos servi\u00e7os de qualidade, com pre\u00e7os competitivos e entrega r\u00e1pida. Solicite um or\u00e7amento agora!","og_url":"https:\/\/wcmaster.com.br\/wc\/","og_site_name":"WC Master","article_modified_time":"2024-11-01T12:47:23+00:00","twitter_card":"summary_large_image","schema":{"@context":"https:\/\/schema.org","@graph":[{"@type":"WebPage","@id":"https:\/\/wcmaster.com.br\/wc\/","url":"https:\/\/wcmaster.com.br\/wc\/","name":"Loca\u00e7\u00e3o de Banheiros Qu\u00edmicos em Minas Gerais | Wc Master","isPartOf":{"@id":"https:\/\/wcmaster.com.br\/wc\/#website"},"datePublished":"2014-12-24T10:43:49+00:00","dateModified":"2024-11-01T12:47:23+00:00","description":"Conhe\u00e7a a Wc Master, sua melhor op\u00e7\u00e3o para loca\u00e7\u00e3o de banheiros qu\u00edmicos em Minas Gerais. Oferecemos servi\u00e7os de qualidade, com pre\u00e7os competitivos e entrega r\u00e1pida. Solicite um or\u00e7amento agora!","breadcrumb":{"@id":"https:\/\/wcmaster.com.br\/wc\/#breadcrumb"},"inLanguage":"pt-BR","potentialAction":[{"@type":"ReadAction","target":["https:\/\/wcmaster.com.br\/wc\/"]}]},{"@type":"BreadcrumbList","@id":"https:\/\/wcmaster.com.br\/wc\/#breadcrumb","itemListElement":[{"@type":"ListItem","position":1,"name":"In\u00edcio","item":"https:\/\/wcmaster.com.br\/wc\/"},{"@type":"ListItem","position":2,"name":"HOME"}]},{"@type":"WebSite","@id":"https:\/\/wcmaster.com.br\/wc\/#website","url":"https:\/\/wcmaster.com.br\/wc\/","name":"WC Master","description":"especializada em banheiros m\u00f3veis.","potentialAction":[{"@type":"SearchAction","target":{"@type":"EntryPoint","urlTemplate":"https:\/\/wcmaster.com.br\/wc\/?s={search_term_string}"},"query-input":{"@type":"PropertyValueSpecification","valueRequired":true,"valueName":"search_term_string"}}],"inLanguage":"pt-BR"}]}},"_links":{"self":[{"href":"https:\/\/wcmaster.com.br\/wc\/wp-json\/wp\/v2\/pages\/88","targetHints":{"allow":["GET"]}}],"collection":[{"href":"https:\/\/wcmaster.com.br\/wc\/wp-json\/wp\/v2\/pages"}],"about":[{"href":"https:\/\/wcmaster.com.br\/wc\/wp-json\/wp\/v2\/types\/page"}],"author":[{"embeddable":true,"href":"https:\/\/wcmaster.com.br\/wc\/wp-json\/wp\/v2\/users\/1"}],"replies":[{"embeddable":true,"href":"https:\/\/wcmaster.com.br\/wc\/wp-json\/wp\/v2\/comments?post=88"}],"version-history":[{"count":2,"href":"https:\/\/wcmaster.com.br\/wc\/wp-json\/wp\/v2\/pages\/88\/revisions"}],"predecessor-version":[{"id":313,"href":"https:\/\/wcmaster.com.br\/wc\/wp-json\/wp\/v2\/pages\/88\/revisions\/313"}],"wp:attachment":[{"href":"https:\/\/wcmaster.com.br\/wc\/wp-json\/wp\/v2\/media?parent=88"}],"curies":[{"name":"wp","href":"https:\/\/api.w.org\/{rel}","templated":true}]}}