{"id":251,"date":"2020-02-05T14:24:02","date_gmt":"2020-02-05T17:24:02","guid":{"rendered":"https:\/\/unick360.com.br\/2019\/wc-master\/?page_id=251"},"modified":"2024-10-31T11:24:03","modified_gmt":"2024-10-31T14:24:03","slug":"modulo-triplo-e-modulo-mictorio","status":"publish","type":"page","link":"https:\/\/wcmaster.com.br\/wc\/modulo-triplo-e-modulo-mictorio\/","title":{"rendered":"M\u00d3DULO TRIPLO E M\u00d3DULO MICT\u00d3RIO"},"content":{"rendered":"","protected":false},"excerpt":{"rendered":"","protected":false},"author":2,"featured_media":0,"parent":0,"menu_order":0,"comment_status":"open","ping_status":"closed","template":"","meta":{"footnotes":""},"class_list":["post-251","page","type-page","status-publish","hentry"],"yoast_head":"<!-- This site is optimized with the Yoast SEO plugin v27.2 - https:\/\/yoast.com\/product\/yoast-seo-wordpress\/ -->\n<title>M\u00d3DULO TRIPLO E M\u00d3DULO MICT\u00d3RIO - WC Master<\/title>\n<meta name=\"robots\" content=\"index, follow, max-snippet:-1, max-image-preview:large, max-video-preview:-1\" \/>\n<link rel=\"canonical\" href=\"https:\/\/wcmaster.com.br\/wc\/modulo-triplo-e-modulo-mictorio\/\" \/>\n<meta property=\"og:locale\" content=\"pt_BR\" \/>\n<meta property=\"og:type\" content=\"article\" \/>\n<meta property=\"og:title\" content=\"M\u00d3DULO TRIPLO E M\u00d3DULO MICT\u00d3RIO - WC Master\" \/>\n<meta property=\"og:url\" content=\"https:\/\/wcmaster.com.br\/wc\/modulo-triplo-e-modulo-mictorio\/\" \/>\n<meta property=\"og:site_name\" content=\"WC Master\" \/>\n<meta property=\"article:modified_time\" content=\"2024-10-31T14:24:03+00:00\" \/>\n<meta name=\"twitter:card\" content=\"summary_large_image\" \/>\n<script type=\"application\/ld+json\" class=\"yoast-schema-graph\">{\"@context\":\"https:\/\/schema.org\",\"@graph\":[{\"@type\":\"WebPage\",\"@id\":\"https:\/\/wcmaster.com.br\/wc\/modulo-triplo-e-modulo-mictorio\/\",\"url\":\"https:\/\/wcmaster.com.br\/wc\/modulo-triplo-e-modulo-mictorio\/\",\"name\":\"M\u00d3DULO TRIPLO E M\u00d3DULO MICT\u00d3RIO - WC Master\",\"isPartOf\":{\"@id\":\"https:\/\/wcmaster.com.br\/wc\/#website\"},\"datePublished\":\"2020-02-05T17:24:02+00:00\",\"dateModified\":\"2024-10-31T14:24:03+00:00\",\"breadcrumb\":{\"@id\":\"https:\/\/wcmaster.com.br\/wc\/modulo-triplo-e-modulo-mictorio\/#breadcrumb\"},\"inLanguage\":\"pt-BR\",\"potentialAction\":[{\"@type\":\"ReadAction\",\"target\":[\"https:\/\/wcmaster.com.br\/wc\/modulo-triplo-e-modulo-mictorio\/\"]}]},{\"@type\":\"BreadcrumbList\",\"@id\":\"https:\/\/wcmaster.com.br\/wc\/modulo-triplo-e-modulo-mictorio\/#breadcrumb\",\"itemListElement\":[{\"@type\":\"ListItem\",\"position\":1,\"name\":\"In\u00edcio\",\"item\":\"https:\/\/wcmaster.com.br\/wc\/\"},{\"@type\":\"ListItem\",\"position\":2,\"name\":\"M\u00d3DULO TRIPLO E M\u00d3DULO MICT\u00d3RIO\"}]},{\"@type\":\"WebSite\",\"@id\":\"https:\/\/wcmaster.com.br\/wc\/#website\",\"url\":\"https:\/\/wcmaster.com.br\/wc\/\",\"name\":\"WC Master\",\"description\":\"especializada em banheiros m\u00f3veis.\",\"potentialAction\":[{\"@type\":\"SearchAction\",\"target\":{\"@type\":\"EntryPoint\",\"urlTemplate\":\"https:\/\/wcmaster.com.br\/wc\/?s={search_term_string}\"},\"query-input\":{\"@type\":\"PropertyValueSpecification\",\"valueRequired\":true,\"valueName\":\"search_term_string\"}}],\"inLanguage\":\"pt-BR\"}]}<\/script>\n<!-- \/ Yoast SEO plugin. -->","yoast_head_json":{"title":"M\u00d3DULO TRIPLO E M\u00d3DULO MICT\u00d3RIO - WC Master","robots":{"index":"index","follow":"follow","max-snippet":"max-snippet:-1","max-image-preview":"max-image-preview:large","max-video-preview":"max-video-preview:-1"},"canonical":"https:\/\/wcmaster.com.br\/wc\/modulo-triplo-e-modulo-mictorio\/","og_locale":"pt_BR","og_type":"article","og_title":"M\u00d3DULO TRIPLO E M\u00d3DULO MICT\u00d3RIO - WC Master","og_url":"https:\/\/wcmaster.com.br\/wc\/modulo-triplo-e-modulo-mictorio\/","og_site_name":"WC Master","article_modified_time":"2024-10-31T14:24:03+00:00","twitter_card":"summary_large_image","schema":{"@context":"https:\/\/schema.org","@graph":[{"@type":"WebPage","@id":"https:\/\/wcmaster.com.br\/wc\/modulo-triplo-e-modulo-mictorio\/","url":"https:\/\/wcmaster.com.br\/wc\/modulo-triplo-e-modulo-mictorio\/","name":"M\u00d3DULO TRIPLO E M\u00d3DULO MICT\u00d3RIO - WC Master","isPartOf":{"@id":"https:\/\/wcmaster.com.br\/wc\/#website"},"datePublished":"2020-02-05T17:24:02+00:00","dateModified":"2024-10-31T14:24:03+00:00","breadcrumb":{"@id":"https:\/\/wcmaster.com.br\/wc\/modulo-triplo-e-modulo-mictorio\/#breadcrumb"},"inLanguage":"pt-BR","potentialAction":[{"@type":"ReadAction","target":["https:\/\/wcmaster.com.br\/wc\/modulo-triplo-e-modulo-mictorio\/"]}]},{"@type":"BreadcrumbList","@id":"https:\/\/wcmaster.com.br\/wc\/modulo-triplo-e-modulo-mictorio\/#breadcrumb","itemListElement":[{"@type":"ListItem","position":1,"name":"In\u00edcio","item":"https:\/\/wcmaster.com.br\/wc\/"},{"@type":"ListItem","position":2,"name":"M\u00d3DULO TRIPLO E M\u00d3DULO MICT\u00d3RIO"}]},{"@type":"WebSite","@id":"https:\/\/wcmaster.com.br\/wc\/#website","url":"https:\/\/wcmaster.com.br\/wc\/","name":"WC Master","description":"especializada em banheiros m\u00f3veis.","potentialAction":[{"@type":"SearchAction","target":{"@type":"EntryPoint","urlTemplate":"https:\/\/wcmaster.com.br\/wc\/?s={search_term_string}"},"query-input":{"@type":"PropertyValueSpecification","valueRequired":true,"valueName":"search_term_string"}}],"inLanguage":"pt-BR"}]}},"_links":{"self":[{"href":"https:\/\/wcmaster.com.br\/wc\/wp-json\/wp\/v2\/pages\/251","targetHints":{"allow":["GET"]}}],"collection":[{"href":"https:\/\/wcmaster.com.br\/wc\/wp-json\/wp\/v2\/pages"}],"about":[{"href":"https:\/\/wcmaster.com.br\/wc\/wp-json\/wp\/v2\/types\/page"}],"author":[{"embeddable":true,"href":"https:\/\/wcmaster.com.br\/wc\/wp-json\/wp\/v2\/users\/2"}],"replies":[{"embeddable":true,"href":"https:\/\/wcmaster.com.br\/wc\/wp-json\/wp\/v2\/comments?post=251"}],"version-history":[{"count":6,"href":"https:\/\/wcmaster.com.br\/wc\/wp-json\/wp\/v2\/pages\/251\/revisions"}],"predecessor-version":[{"id":309,"href":"https:\/\/wcmaster.com.br\/wc\/wp-json\/wp\/v2\/pages\/251\/revisions\/309"}],"wp:attachment":[{"href":"https:\/\/wcmaster.com.br\/wc\/wp-json\/wp\/v2\/media?parent=251"}],"curies":[{"name":"wp","href":"https:\/\/api.w.org\/{rel}","templated":true}]}}